{"id":9,"date":"2021-11-16T00:59:32","date_gmt":"2021-11-15T23:59:32","guid":{"rendered":"https:\/\/www.amapauxfees74.org\/?page_id=9"},"modified":"2025-03-03T09:11:28","modified_gmt":"2025-03-03T08:11:28","slug":"adherer","status":"publish","type":"page","link":"https:\/\/www.amapauxfees74.org\/index.php\/adherer\/","title":{"rendered":"Adh\u00e9rer"},"content":{"rendered":"\n<p>Le prix du panier est constant pour toute l\u2019ann\u00e9e culturale. Pour l&rsquo;ann\u00e9e 2025 il s\u2019\u00e9l\u00e8ve \u00e0 23\u20ac pour le grand panier et 16\u20ac pour le petit. Il est possible de s\u2019inscrire en cours d\u2019ann\u00e9e et le prix du contrat sera, bien entendu, modifi\u00e9 en cons\u00e9quence, c\u2019est-\u00e0-dire en fonction des semaines restant \u00e0 courir jusqu\u2019\u00e0 la fin de la saison culturale.<\/p>\n\n\n\n<p>Pour en savoir davantage concernant le fonctionnement de l\u2019AMAP \u00ab&nbsp;Les Paniers de la Pierre aux F\u00e9es&nbsp;\u00bb : distributions, coups de main&nbsp;aux producteurs, collectif, activit\u00e9s propos\u00e9es dans le cadre de l\u2019AMAP, etc., vous pouvez consulter notre&nbsp;<a rel=\"noreferrer noopener\" href=\"https:\/\/www.amapauxfees74.org\/wp-content\/uploads\/2022\/04\/001regl.int_2014_fees.pdf\" data-type=\"URL\" target=\"_blank\">r\u00e8glement int\u00e9rieur<\/a>. Vous pouvez \u00e9galement venir \u00e0 notre rencontre lors de la distribution des paniers le vendredi entre 18h et 19h.<\/p>\n\n\n\n<p><strong>Panier en bin\u00f4me<\/strong>&nbsp;: au cas o\u00f9 le contenu du panier d\u00e9passerait votre consommation habituelle, nous vous proposons la souscription d\u2019un panier \u00e0 partager avec une autre personne, soit de votre connaissance, soit propos\u00e9e par l\u2019AMAP. Vous disposez ainsi d\u2019un panier une semaine sur deux.<\/p>\n\n\n\n<p>Les contrats :<br><a href=\"https:\/\/www.amapauxfees74.org\/wp-content\/uploads\/2025\/03\/Contrat-grand-panier-hebdo-2025.pdf\">Contrat pour grand panier hebdomadaire, ann\u00e9e 2025<\/a><br><a href=\"https:\/\/www.amapauxfees74.org\/wp-content\/uploads\/2025\/03\/Contrat-petit-panier-hebdo-2025.pdf\">Contrat pour petit panier hebdomadaire, ann\u00e9e 2025<\/a><br><a href=\"https:\/\/www.amapauxfees74.org\/wp-content\/uploads\/2025\/03\/Contrat-grand-panier-binome-2025.pdf\">Contrat pour grand panier tous les 15 jours (panier en bin\u00f4me), ann\u00e9e 2025<\/a><\/p>\n\n\n\n<p><\/p>\n","protected":false},"excerpt":{"rendered":"<p>Le prix du panier est constant pour toute l\u2019ann\u00e9e culturale. Pour l&rsquo;ann\u00e9e 2025 il s\u2019\u00e9l\u00e8ve \u00e0 23\u20ac pour le grand panier et 16\u20ac pour le petit. Il est possible de s\u2019inscrire en cours d\u2019ann\u00e9e et le prix du contrat sera, bien entendu, modifi\u00e9 en cons\u00e9quence, c\u2019est-\u00e0-dire en fonction des semaines restant \u00e0 courir jusqu\u2019\u00e0 la [&hellip;]<\/p>\n","protected":false},"author":1,"featured_media":0,"parent":0,"menu_order":0,"comment_status":"closed","ping_status":"closed","template":"","meta":{"site-sidebar-layout":"default","site-content-layout":"","ast-site-content-layout":"default","site-content-style":"default","site-sidebar-style":"default","ast-global-header-display":"","ast-banner-title-visibility":"","ast-main-header-display":"","ast-hfb-above-header-display":"","ast-hfb-below-header-display":"","ast-hfb-mobile-header-display":"","site-post-title":"","ast-breadcrumbs-content":"","ast-featured-img":"","footer-sml-layout":"","ast-disable-related-posts":"","theme-transparent-header-meta":"","adv-header-id-meta":"","stick-header-meta":"","header-above-stick-meta":"","header-main-stick-meta":"","header-below-stick-meta":"","astra-migrate-meta-layouts":"set","ast-page-background-enabled":"default","ast-page-background-meta":{"desktop":{"background-color":"var(--ast-global-color-4)","background-image":"","background-repeat":"repeat","background-position":"center center","background-size":"auto","background-attachment":"scroll","background-type":"","background-media":"","overlay-type":"","overlay-color":"","overlay-opacity":"","overlay-gradient":""},"tablet":{"background-color":"","background-image":"","background-repeat":"repeat","background-position":"center center","background-size":"auto","background-attachment":"scroll","background-type":"","background-media":"","overlay-type":"","overlay-color":"","overlay-opacity":"","overlay-gradient":""},"mobile":{"background-color":"","background-image":"","background-repeat":"repeat","background-position":"center center","background-size":"auto","background-attachment":"scroll","background-type":"","background-media":"","overlay-type":"","overlay-color":"","overlay-opacity":"","overlay-gradient":""}},"ast-content-background-meta":{"desktop":{"background-color":"var(--ast-global-color-5)","background-image":"","background-repeat":"repeat","background-position":"center center","background-size":"auto","background-attachment":"scroll","background-type":"","background-media":"","overlay-type":"","overlay-color":"","overlay-opacity":"","overlay-gradient":""},"tablet":{"background-color":"var(--ast-global-color-5)","background-image":"","background-repeat":"repeat","background-position":"center center","background-size":"auto","background-attachment":"scroll","background-type":"","background-media":"","overlay-type":"","overlay-color":"","overlay-opacity":"","overlay-gradient":""},"mobile":{"background-color":"var(--ast-global-color-5)","background-image":"","background-repeat":"repeat","background-position":"center center","background-size":"auto","background-attachment":"scroll","background-type":"","background-media":"","overlay-type":"","overlay-color":"","overlay-opacity":"","overlay-gradient":""}},"footnotes":""},"class_list":["post-9","page","type-page","status-publish","hentry"],"_links":{"self":[{"href":"https:\/\/www.amapauxfees74.org\/index.php\/wp-json\/wp\/v2\/pages\/9","targetHints":{"allow":["GET"]}}],"collection":[{"href":"https:\/\/www.amapauxfees74.org\/index.php\/wp-json\/wp\/v2\/pages"}],"about":[{"href":"https:\/\/www.amapauxfees74.org\/index.php\/wp-json\/wp\/v2\/types\/page"}],"author":[{"embeddable":true,"href":"https:\/\/www.amapauxfees74.org\/index.php\/wp-json\/wp\/v2\/users\/1"}],"replies":[{"embeddable":true,"href":"https:\/\/www.amapauxfees74.org\/index.php\/wp-json\/wp\/v2\/comments?post=9"}],"version-history":[{"count":21,"href":"https:\/\/www.amapauxfees74.org\/index.php\/wp-json\/wp\/v2\/pages\/9\/revisions"}],"predecessor-version":[{"id":143,"href":"https:\/\/www.amapauxfees74.org\/index.php\/wp-json\/wp\/v2\/pages\/9\/revisions\/143"}],"wp:attachment":[{"href":"https:\/\/www.amapauxfees74.org\/index.php\/wp-json\/wp\/v2\/media?parent=9"}],"curies":[{"name":"wp","href":"https:\/\/api.w.org\/{rel}","templated":true}]}}