{"id":26,"date":"2022-04-19T23:22:09","date_gmt":"2022-04-19T21:22:09","guid":{"rendered":"https:\/\/www.amapauxfees74.org\/?page_id=26"},"modified":"2023-02-08T19:43:16","modified_gmt":"2023-02-08T18:43:16","slug":"notreamap","status":"publish","type":"page","link":"https:\/\/www.amapauxfees74.org\/","title":{"rendered":""},"content":{"rendered":"\n<p><strong>VOUS HABITEZ REIGNIER OU SES ENVIRONS ? VOUS AIMEZ CUISINER DE BEAUX L\u00c9GUMES FRAIS, SAINS, DE SAISON ET SAVOUREUX ? N\u2019H\u00c9SITEZ PAS : REJOIGNEZ L\u2019AMAP \u00ab&nbsp;LES PANIERS DE LA PIERRE AUX F\u00c9ES&nbsp;\u00bb<\/strong>, <strong>POUR UNE AGRICULTURE SANS PRODUITS CHIMIQUES, LOCALE ET CR\u00c9ATRICE D\u2019EMPLOI.<\/strong><\/p>\n\n\n\n<h2 class=\"wp-block-heading\">Notre Fonctionnement<\/h2>\n\n\n\n<p>Les\u00a0producteurs distribuent aux adh\u00e9rents des l\u00e9gumes frais pendant 40 semaines par an.<br>La saison dure une ann\u00e9e et commence en Juin avec une tr\u00eave hivernale. <br>Les distributions ont lieu chaque vendredi, entre 18 et 19 heures \u00e0 <a rel=\"noreferrer noopener\" href=\"https:\/\/goo.gl\/maps\/5xEQ4TXp4hn\" target=\"_blank\">587 route des Rocailles \u00e0 R\u00e9gnier<\/a><br>Plusieurs contrats sont disponibles : <br>    &#8211; gros panier hebdomadaire<br>    &#8211; petit panier hebdomadaire<br>    &#8211; gros panier tous les 15 jours<\/p>\n\n\n\n<p><\/p>\n\n\n\n<h2 class=\"wp-block-heading\">Label AB<\/h2>\n\n\n\n<p>Le label Agriculture biologique (ou label AB) est un label de qualit\u00e9 fran\u00e7ais cr\u00e9\u00e9 en 1985, et fond\u00e9 sur l&rsquo;interdiction d&rsquo;utilisation de produits issus de la chimie de synth\u00e8se. Il permet d&rsquo;identifier les produits issus de l&rsquo;agriculture biologique.<\/p>\n","protected":false},"excerpt":{"rendered":"<p>VOUS HABITEZ REIGNIER OU SES ENVIRONS ? VOUS AIMEZ CUISINER DE BEAUX L\u00c9GUMES FRAIS, SAINS, DE SAISON ET SAVOUREUX ? N\u2019H\u00c9SITEZ PAS : REJOIGNEZ L\u2019AMAP \u00ab&nbsp;LES PANIERS DE LA PIERRE AUX F\u00c9ES&nbsp;\u00bb, POUR UNE AGRICULTURE SANS PRODUITS CHIMIQUES, LOCALE ET CR\u00c9ATRICE D\u2019EMPLOI. Notre Fonctionnement Les\u00a0producteurs distribuent aux adh\u00e9rents des l\u00e9gumes frais pendant 40 semaines par [&hellip;]<\/p>\n","protected":false},"author":1,"featured_media":0,"parent":0,"menu_order":0,"comment_status":"closed","ping_status":"closed","template":"","meta":{"site-sidebar-layout":"default","site-content-layout":"","ast-site-content-layout":"default","site-content-style":"default","site-sidebar-style":"default","ast-global-header-display":"","ast-banner-title-visibility":"","ast-main-header-display":"","ast-hfb-above-header-display":"","ast-hfb-below-header-display":"","ast-hfb-mobile-header-display":"","site-post-title":"","ast-breadcrumbs-content":"","ast-featured-img":"","footer-sml-layout":"","ast-disable-related-posts":"","theme-transparent-header-meta":"","adv-header-id-meta":"","stick-header-meta":"","header-above-stick-meta":"","header-main-stick-meta":"","header-below-stick-meta":"","astra-migrate-meta-layouts":"default","ast-page-background-enabled":"default","ast-page-background-meta":{"desktop":{"background-color":"var(--ast-global-color-4)","background-image":"","background-repeat":"repeat","background-position":"center center","background-size":"auto","background-attachment":"scroll","background-type":"","background-media":"","overlay-type":"","overlay-color":"","overlay-opacity":"","overlay-gradient":""},"tablet":{"background-color":"","background-image":"","background-repeat":"repeat","background-position":"center center","background-size":"auto","background-attachment":"scroll","background-type":"","background-media":"","overlay-type":"","overlay-color":"","overlay-opacity":"","overlay-gradient":""},"mobile":{"background-color":"","background-image":"","background-repeat":"repeat","background-position":"center center","background-size":"auto","background-attachment":"scroll","background-type":"","background-media":"","overlay-type":"","overlay-color":"","overlay-opacity":"","overlay-gradient":""}},"ast-content-background-meta":{"desktop":{"background-color":"var(--ast-global-color-5)","background-image":"","background-repeat":"repeat","background-position":"center center","background-size":"auto","background-attachment":"scroll","background-type":"","background-media":"","overlay-type":"","overlay-color":"","overlay-opacity":"","overlay-gradient":""},"tablet":{"background-color":"var(--ast-global-color-5)","background-image":"","background-repeat":"repeat","background-position":"center center","background-size":"auto","background-attachment":"scroll","background-type":"","background-media":"","overlay-type":"","overlay-color":"","overlay-opacity":"","overlay-gradient":""},"mobile":{"background-color":"var(--ast-global-color-5)","background-image":"","background-repeat":"repeat","background-position":"center center","background-size":"auto","background-attachment":"scroll","background-type":"","background-media":"","overlay-type":"","overlay-color":"","overlay-opacity":"","overlay-gradient":""}},"footnotes":""},"class_list":["post-26","page","type-page","status-publish","hentry"],"_links":{"self":[{"href":"https:\/\/www.amapauxfees74.org\/index.php\/wp-json\/wp\/v2\/pages\/26","targetHints":{"allow":["GET"]}}],"collection":[{"href":"https:\/\/www.amapauxfees74.org\/index.php\/wp-json\/wp\/v2\/pages"}],"about":[{"href":"https:\/\/www.amapauxfees74.org\/index.php\/wp-json\/wp\/v2\/types\/page"}],"author":[{"embeddable":true,"href":"https:\/\/www.amapauxfees74.org\/index.php\/wp-json\/wp\/v2\/users\/1"}],"replies":[{"embeddable":true,"href":"https:\/\/www.amapauxfees74.org\/index.php\/wp-json\/wp\/v2\/comments?post=26"}],"version-history":[{"count":10,"href":"https:\/\/www.amapauxfees74.org\/index.php\/wp-json\/wp\/v2\/pages\/26\/revisions"}],"predecessor-version":[{"id":104,"href":"https:\/\/www.amapauxfees74.org\/index.php\/wp-json\/wp\/v2\/pages\/26\/revisions\/104"}],"wp:attachment":[{"href":"https:\/\/www.amapauxfees74.org\/index.php\/wp-json\/wp\/v2\/media?parent=26"}],"curies":[{"name":"wp","href":"https:\/\/api.w.org\/{rel}","templated":true}]}}